{"id":2,"date":"2016-04-29T09:40:59","date_gmt":"2016-04-29T08:40:59","guid":{"rendered":"http:\/\/sylvain-perouze-sculpture-metal.com\/?page_id=2"},"modified":"2026-02-19T18:10:21","modified_gmt":"2026-02-19T17:10:21","slug":"page-d-exemple","status":"publish","type":"page","link":"https:\/\/sylvain-perouze-sculpture-metal.com\/index.php\/page-d-exemple\/","title":{"rendered":"L&rsquo;Esprit Sylvain P\u00e9rouze"},"content":{"rendered":"\n<h2 class=\"wp-block-heading\">Parcours et prix d\u00e9cern\u00e9s<\/h2>\n\n\n\n<h3 class=\"wp-block-heading\"><figure><img loading=\"lazy\" decoding=\"async\" class=\" wp-image-692 alignright\" src=\"http:\/\/sylvain-perouze-sculpture-metal.com\/wp-content\/uploads\/2016\/04\/sylvain_perouze_sculpture_metal_lauzertosaure-300x200.jpg\" alt=\"sylvain_perouze_sculpture_metal_lauzertosaure\" width=\"386\" height=\"257\" srcset=\"https:\/\/sylvain-perouze-sculpture-metal.com\/wp-content\/uploads\/2016\/04\/sylvain_perouze_sculpture_metal_lauzertosaure-300x200.jpg 300w, https:\/\/sylvain-perouze-sculpture-metal.com\/wp-content\/uploads\/2016\/04\/sylvain_perouze_sculpture_metal_lauzertosaure-768x512.jpg 768w, https:\/\/sylvain-perouze-sculpture-metal.com\/wp-content\/uploads\/2016\/04\/sylvain_perouze_sculpture_metal_lauzertosaure-525x350.jpg 525w, https:\/\/sylvain-perouze-sculpture-metal.com\/wp-content\/uploads\/2016\/04\/sylvain_perouze_sculpture_metal_lauzertosaure.jpg 960w\" sizes=\"auto, (max-width: 386px) 100vw, 386px\" \/><\/figure><\/h3>\n\n\n\n<h3 class=\"wp-block-heading\">Designer et formateur <\/h3>\n\n\n\n<p>Designer depuis 1997, Sylvain P\u00e9rouze&nbsp;cr\u00e9e et dessine des centaines de produits dans les branches les plus diverses, en agence de design, en int\u00e9gr\u00e9 et en ind\u00e9pendant.<br>Puis dans une d\u00e9marche sociale et culturelle avec des publics en difficult\u00e9 d&rsquo;insertion ou sous main de justice.<br>Toutes ces ann\u00e9es de travail \u00e0 la fois rigoureuses et cr\u00e9atives lui ont&nbsp;permis de sentir les volumes, et de saisir le sens des objets propos\u00e9s.<\/p>\n\n\n\n<p><\/p>\n\n\n\n<h3 class=\"wp-block-heading\">Membre de l&rsquo;Acad\u00e9mie des Arts et Sciences de la Mer<br>&amp;<\/h3>\n\n\n\n<h3 class=\"wp-block-heading\">Membre de l&rsquo;Association Sculpteurs de Bretagne.<\/h3>\n\n\n\n<p>&nbsp;<\/p>\n\n\n\n<h2 class=\"wp-block-heading\">Palmares &#8211; Prix d\u00e9cern\u00e9s<\/h2>\n\n\n\n<ul class=\"wp-block-list\">\n<li><b>1er prix de sculpture au petit Robien<\/b>, saint brieuc, novembre <strong>2021<\/strong><\/li>\n\n\n\n<li><b>Prix du public&nbsp;<\/b>et<b>&nbsp;prix des scolaires<\/b>&nbsp;au salon de sculpture de Landivisiau, avril <strong>2022<\/strong><\/li>\n\n\n\n<li><strong>1er prix<\/strong> du public au festival 1 FERnal de la Toussuire <strong>juillet 2020.<\/strong><\/li>\n\n\n\n<li><b>1er prix<\/b>&nbsp;\u00e0 la Biennale Metal&rsquo;Morphose <strong>2019<\/strong> de Carnoules (83)<\/li>\n\n\n\n<li><b>Prix du public&nbsp;<\/b>au festival \u00ab\u00a0Th\u00f4n&rsquo;Art R\u00e9cup\u00a0\u00bb&nbsp;<strong>2019<\/strong> pour l\u2019\u0153uvre \u00ab\u00a0Hippocampe\u00a0\u00bb<\/li>\n\n\n\n<li><b>Prix Achille Chapper<\/b>&nbsp;pour \u00ab\u00a0Crazy Horse\u00a0\u00bb au salon de l&rsquo;Outil D\u00e9chain\u00e9 <strong>2019<\/strong>, aux Forges et Moulins de Pinsot.<\/li>\n\n\n\n<li><strong>2\u00e8me prix et prix du public<\/strong> au festival Art r\u00e9cup&rsquo; Autrans(38) ao\u00fbt <strong>2018<\/strong><\/li>\n\n\n\n<li><strong>Prix du public<\/strong> au festival \u00ab\u00a0les AJT du m\u00e9tal\u00a0\u00bb\u00e0 Seguret (84) juin <strong>2018<\/strong><\/li>\n\n\n\n<li><strong>2\u00e8me prix<\/strong> au 9\u00e8me festival Art R\u00e9cup Autrans <strong>2017<\/strong><\/li>\n\n\n\n<li><strong>3\u00e8me prix<\/strong> au 17\u00e8me festival Th\u00f4n&rsquo;art recup <strong>2017<\/strong>, Th\u00f4nes<\/li>\n\n\n\n<li><strong>Prix Achille Chaper<\/strong> pour la \u00ab\u00a0Crevette XXL\u00a0\u00bb au salon de l&rsquo;Outil D\u00e9chain\u00e9 , Pinsot <strong>2017<\/strong><\/li>\n\n\n\n<li><b>Prix du public<\/b> au Forges et Moulins de Pinsot <strong>2016<\/strong> pour les oeuvres \u00ab\u00a0Tortutte et Crabiot\u00a0\u00bb<\/li>\n\n\n\n<li><b>Prix du public<\/b> au festival Th\u00f4n&rsquo;art R\u00e9cup <strong>2016<\/strong> pour l&rsquo;oeuvre \u00a0\u00bb El Mexicano\u00a0\u00bb<\/li>\n\n\n\n<li><b>2\u00e8me prix<\/b> au festival Th\u00f4n&rsquo;Art r\u00e9cup <strong>2016<\/strong> pour l&rsquo;oeuvre \u00ab\u00a0R\u00e9sistance\u00a0\u00bb<\/li>\n\n\n\n<li><b>1er prix<\/b> au festival Art R\u00e9cup d&rsquo;Autrans <strong>2016<\/strong> pour l&rsquo;oeuvre \u00ab\u00a0Grand Marabout\u00a0\u00bb<\/li>\n\n\n\n<li><b>Prix du public<\/b> au Forges et Moulins de Pinsot pour l&rsquo;oeuvre \u00ab\u00a0Mante Religieuse\u00a0\u00bb <strong>2015<\/strong><\/li>\n<\/ul>\n\n\n\n<h2 class=\"wp-block-heading\">Formateur en m\u00e9tallerie d&rsquo;art<\/h2>\n\n\n\n<h3 class=\"wp-block-heading\"><b>Appr\u00e9hender la mati\u00e8re, les m\u00e9taux, les pierres<\/b><\/h3>\n\n\n\n<p>Formateur en m\u00e9tallerie, il&nbsp;apprend \u00e0 souder tous les m\u00e9taux et jouer avec leur \u00e9tat.<br>Parall\u00e8lement, il taille&nbsp;des pierres de toutes natures, ce qui lui permet&nbsp;de lutter avec les mati\u00e8res nobles ou non sous ses formes les plus diverses.<\/p>\n\n\n\n<h3 class=\"wp-block-heading\"><b>Composition<\/b><\/h3>\n\n\n\n<p>Loin des clich\u00e9s provocants de la justification mat\u00e9rielle de concepts capillotract\u00e9s et herm\u00e9tiques trop souvent pr\u00e9sent\u00e9s comme repr\u00e9sentatifs des nouveaux canons de l&rsquo;art contemporain, mes cr\u00e9ations s\u2019adressent \u00e0 tous, sans formation particuli\u00e8re pr\u00e9alable, et chacun peut y \u00eatre sensible au premier regard.<\/p>\n\n\n\n<h3 class=\"wp-block-heading\"><b>Objets g\u00e9n\u00e9tiquement modifi\u00e9s d&rsquo;aujourd&rsquo;hui et de demain \/ manifeste<\/b><\/h3>\n\n\n\n<p>A l&rsquo;heure o\u00f9 des centaines de paysans disparaissent chaque jour au profit d&rsquo;une n\u00e9olib\u00e9ralisation \u00e9puisant les sols et les hommes par des intrants biocides (qui tuent la vie), des machines et des proc\u00e9d\u00e9s de trifouillage du vivant au profit de quelques multinationales&nbsp; aveugles et avides. A l&rsquo;heure o\u00f9 les machines recyclent les hommes, il est logique que l&rsquo;homme \u00e0 son tour recycle les machines en les modifiant \u00e9galement avec des assemblages de savants fous.<\/p>\n\n\n\n<p>A l&rsquo;heure actuelle, nous ne disposons d&rsquo;aucune \u00e9tude concernant les risques de contamination et de propagation de cette nouvelle forme d&rsquo;art.<\/p>\n\n\n\n<p>Toutes ces cr\u00e9ations sont en acier 100% recycl\u00e9 et recyclable, garanti plusieurs si\u00e8cles.<\/p>\n\n\n\n<blockquote class=\"wp-block-quote is-layout-flow wp-block-quote-is-layout-flow\">\n<p><b>Pour que ne sombre pas dans l&rsquo;oubli l&rsquo;acier agricole forg\u00e9 par nos a\u00efeux, y puiser la force qui l&rsquo;habite encore et avec le feu assurer sa m\u00e9tamorphose.<\/b><\/p>\n<\/blockquote>\n\n\n\n<p class=\"has-text-align-right\">Sylvain P\u00e9rouze<\/p>\n","protected":false},"excerpt":{"rendered":"<p>Parcours et prix d\u00e9cern\u00e9s Designer et formateur Designer depuis 1997, Sylvain P\u00e9rouze&nbsp;cr\u00e9e et dessine des centaines de produits dans les&#8230;<\/p>\n<div class=\"more-link-wrapper\"><a class=\"more-link\" href=\"https:\/\/sylvain-perouze-sculpture-metal.com\/index.php\/page-d-exemple\/\">D\u00e9couvrir<span class=\"screen-reader-text\">L&rsquo;Esprit Sylvain P\u00e9rouze<\/span><\/a><\/div>\n","protected":false},"author":1,"featured_media":693,"parent":0,"menu_order":0,"comment_status":"closed","ping_status":"open","template":"","meta":{"footnotes":""},"class_list":["post-2","page","type-page","status-publish","has-post-thumbnail","hentry","excerpt","zoom","full-without-featured","even","excerpt-0"],"_links":{"self":[{"href":"https:\/\/sylvain-perouze-sculpture-metal.com\/index.php\/wp-json\/wp\/v2\/pages\/2","targetHints":{"allow":["GET"]}}],"collection":[{"href":"https:\/\/sylvain-perouze-sculpture-metal.com\/index.php\/wp-json\/wp\/v2\/pages"}],"about":[{"href":"https:\/\/sylvain-perouze-sculpture-metal.com\/index.php\/wp-json\/wp\/v2\/types\/page"}],"author":[{"embeddable":true,"href":"https:\/\/sylvain-perouze-sculpture-metal.com\/index.php\/wp-json\/wp\/v2\/users\/1"}],"replies":[{"embeddable":true,"href":"https:\/\/sylvain-perouze-sculpture-metal.com\/index.php\/wp-json\/wp\/v2\/comments?post=2"}],"version-history":[{"count":25,"href":"https:\/\/sylvain-perouze-sculpture-metal.com\/index.php\/wp-json\/wp\/v2\/pages\/2\/revisions"}],"predecessor-version":[{"id":980,"href":"https:\/\/sylvain-perouze-sculpture-metal.com\/index.php\/wp-json\/wp\/v2\/pages\/2\/revisions\/980"}],"wp:featuredmedia":[{"embeddable":true,"href":"https:\/\/sylvain-perouze-sculpture-metal.com\/index.php\/wp-json\/wp\/v2\/media\/693"}],"wp:attachment":[{"href":"https:\/\/sylvain-perouze-sculpture-metal.com\/index.php\/wp-json\/wp\/v2\/media?parent=2"}],"curies":[{"name":"wp","href":"https:\/\/api.w.org\/{rel}","templated":true}]}}