{"id":839,"date":"2022-07-04T10:24:39","date_gmt":"2022-07-04T09:24:39","guid":{"rendered":"http:\/\/sylvain-perouze-sculpture-metal.com\/?page_id=839"},"modified":"2026-03-17T10:01:37","modified_gmt":"2026-03-17T09:01:37","slug":"stages-initiation","status":"publish","type":"page","link":"https:\/\/sylvain-perouze-sculpture-metal.com\/index.php\/stages-initiation\/","title":{"rendered":"Stages initiation soudure"},"content":{"rendered":"<h2>Stages d&rsquo;initiation \u00e0 la soudure \u00e0 l&rsquo;arc<\/h2>\n<p>Loud\u00e9ac, Bretagne (22600)<\/p>\n<h3>Initiation soudure artistique<\/h3>\n<p><b>Journ\u00e9e d&rsquo;initiation \u00e0 la soudure artistique<\/b>\u00a0avec possibilit\u00e9 de cr\u00e9ation d&rsquo;une \u0153uvre.<\/p>\n<ul>\n<li>\n<h3>D\u00e9couverte de la soudure \u00e0 l&rsquo;arc<\/h3>\n<\/li>\n<li>\n<h3>Soudure au MIG<\/h3>\n<\/li>\n<li>\n<h3>D\u00e9coupe plasma<\/h3>\n<\/li>\n<\/ul>\n<h2>Programme initiation \u00e0 la soudure<\/h2>\n<p>Matin\u00e9e:<\/p>\n<ul>\n<li>\n<h3>Th\u00e9orie de diff\u00e9rentes techniques de soudure<\/h3>\n<\/li>\n<li>\n<h3>Mise en pratique de diff\u00e9rentes techniques de soudure<\/h3>\n<\/li>\n<\/ul>\n<p>Apr\u00e8s-midi:<\/p>\n<ul>\n<li>\n<h3>Mise \u00e0 disposition d&rsquo;un tas de ferraille<\/h3>\n<\/li>\n<li>\n<h3>Accompagnement personnalis\u00e9 \u00e0 la cr\u00e9ation artistique de votre choix.<\/h3>\n<\/li>\n<li>\n<h3>Les stagiaires repartent avec leur cr\u00e9ation<\/h3>\n<\/li>\n<\/ul>\n<p>Tarif: 220\u20ac \/ jour<\/p>\n<p>Repas compris<\/p>\n<p>Informations et r\u00e9servations :\u00a0<a href=\"mailto:sculpture.metal@hotmail.com\" target=\"_blank\" rel=\"noopener\">sculpture.metal@hotmail.com<\/a><\/p>\n","protected":false},"excerpt":{"rendered":"<p>Stages d&rsquo;initiation \u00e0 la soudure \u00e0 l&rsquo;arc Loud\u00e9ac, Bretagne (22600) Initiation soudure artistique Journ\u00e9e d&rsquo;initiation \u00e0 la soudure artistique\u00a0avec possibilit\u00e9&#8230;<\/p>\n<div class=\"more-link-wrapper\"><a class=\"more-link\" href=\"https:\/\/sylvain-perouze-sculpture-metal.com\/index.php\/stages-initiation\/\">D\u00e9couvrir<span class=\"screen-reader-text\">Stages initiation soudure<\/span><\/a><\/div>\n","protected":false},"author":1,"featured_media":110,"parent":0,"menu_order":0,"comment_status":"closed","ping_status":"closed","template":"","meta":{"footnotes":""},"class_list":["post-839","page","type-page","status-publish","has-post-thumbnail","hentry","excerpt","zoom","full-without-featured","even","excerpt-0"],"_links":{"self":[{"href":"https:\/\/sylvain-perouze-sculpture-metal.com\/index.php\/wp-json\/wp\/v2\/pages\/839","targetHints":{"allow":["GET"]}}],"collection":[{"href":"https:\/\/sylvain-perouze-sculpture-metal.com\/index.php\/wp-json\/wp\/v2\/pages"}],"about":[{"href":"https:\/\/sylvain-perouze-sculpture-metal.com\/index.php\/wp-json\/wp\/v2\/types\/page"}],"author":[{"embeddable":true,"href":"https:\/\/sylvain-perouze-sculpture-metal.com\/index.php\/wp-json\/wp\/v2\/users\/1"}],"replies":[{"embeddable":true,"href":"https:\/\/sylvain-perouze-sculpture-metal.com\/index.php\/wp-json\/wp\/v2\/comments?post=839"}],"version-history":[{"count":9,"href":"https:\/\/sylvain-perouze-sculpture-metal.com\/index.php\/wp-json\/wp\/v2\/pages\/839\/revisions"}],"predecessor-version":[{"id":1025,"href":"https:\/\/sylvain-perouze-sculpture-metal.com\/index.php\/wp-json\/wp\/v2\/pages\/839\/revisions\/1025"}],"wp:featuredmedia":[{"embeddable":true,"href":"https:\/\/sylvain-perouze-sculpture-metal.com\/index.php\/wp-json\/wp\/v2\/media\/110"}],"wp:attachment":[{"href":"https:\/\/sylvain-perouze-sculpture-metal.com\/index.php\/wp-json\/wp\/v2\/media?parent=839"}],"curies":[{"name":"wp","href":"https:\/\/api.w.org\/{rel}","templated":true}]}}