{"id":96,"date":"2016-05-11T16:30:52","date_gmt":"2016-05-11T15:30:52","guid":{"rendered":"http:\/\/sylvain-perouze-sculpture-metal.com\/?page_id=96"},"modified":"2026-02-24T13:35:22","modified_gmt":"2026-02-24T12:35:22","slug":"actualites","status":"publish","type":"page","link":"https:\/\/sylvain-perouze-sculpture-metal.com\/index.php\/actualites\/","title":{"rendered":"Agenda"},"content":{"rendered":"\n<p><\/p>\n\n\n<h2>Symposium de sculpture monumentale<\/h2>\n<h3>Du 13 au 22 Juin 2026 \u00e0 Foug\u00e8res (35)<\/h3>\n<p>\u00a0<\/p>\n<h2>Pinceaux en libert\u00e9<\/h2>\n<h3>12\/17 Mai 2026 au Val-Andr\u00e9 (22)<\/h3>\n<p>\u00a0<\/p>\n<h2>Art \u00e0 Babord<\/h2>\n<h3>11\/26 avril 2026 &#8211; Saint Quay Portrieux (22)<\/h3>\n<p>\u00a0<\/p>\n<h2>Biennale des peintres et sculpteurs de bretagne &#8211; Invit\u00e9 d&rsquo;honneur<\/h2>\n<h3>10\/15 Janvier 2026 &#8211; Saint Brieuc, Grand Robien 22<\/h3>\n<p>\u00a0<\/p>\n<h3><strong>2025<\/strong><\/h3>\n<div>\u00a0<\/div>\n<div>\u00a0<\/div>\n<div>19 \/22 Fevrier 2025 :\u00a0<b>Salon National des Artistes Fran\u00e7ais\u00a0<\/b>\u00a0au Grand Palais (Paris)<\/div>\n<div>20 sep\/11 nov 2025 :\u00a0<b>Animal en Monument<\/b>\u00a0Mus\u00e9e Fragonard \/ \u00e9cole v\u00e9t\u00e9rinaire de Maison Alfort (Paris)<\/div>\n<div>\u00a0<\/div>\n<div>\u00a0<\/div>\n<div>\u00a0<\/div>\n<h3><strong>2024<\/strong><\/h3>\n<ul>\n<li>du 27\/01\/2024 au 30\/03\/2024 <strong>Exposition \u00e0 la chapelle des Ursulines Lannion (22)<\/strong><\/li>\n<li>du 06\/04\/2024 au 21\/04\/2024<strong> Exposition au centre des congr\u00e8s de Saint Quay Portrieux (22) avec<\/strong><br \/><strong>l\u2019association Art \u00e0 B\u00e2bord<\/strong><\/li>\n<li>du 03\/05\/2024 au 12\/05\/2024 <strong>Exposition Oc\u00e9anissime \u00e0 la Maison de la mer \u00e0 Nantes (44) avec<\/strong><br \/><strong>l\u2019Acad\u00e9mie des Arts et Sciences de la mer<\/strong><\/li>\n<li>du 03\/06\/2024 au 16\/06\/2024 <strong>Exposition \u00e0 la salle des expositions \u00e0 Carnac (56) avec l\u2019association<\/strong><br \/><strong>Sculpteurs de Bretagne<\/strong><\/li>\n<li>du 13\/07\/2024 au 28\/07\/2024 <strong>Exposition \u00e0 Saint Alban (22) avec l\u2019association Art-Bre<\/strong><\/li>\n<li>du 03\/08\/2024 au 15\/08\/2024 <strong>Exposition \u00e0 Plouha (22) avec l\u2019association Art \u00e0 B\u00e2bord<\/strong><\/li>\n<li>du 21\/09\/2024 au 29\/09\/2024 <strong>Exposition au centre des congr\u00e8s de Saint Quay Portrieux avec<\/strong><br \/><strong>l\u2019association Sculpteurs de Bretagne<\/strong><\/li>\n<li>05 et 06\/10\/2024<strong> Festival les Soudeurs du soir au Haras de Lamballe de Lamballe (22)<\/strong><\/li>\n<li>et d\u2019autres dates \u00e0 venir pour la fin d\u2019ann\u00e9e<\/li>\n<li>9 nov\/8 d\u00e9c 2024 :\u00a0<b>Salon National des Artistes Animaliers<\/b>\u00a0\u00e0 Bry-sur-marne (Paris)<\/li>\n<\/ul>\n<hr \/>\n<h3>2020<\/h3>\n<ul>\n<li><strong>Du 13 juin au 02 juillet<\/strong>\u00a0Exposition \u00e0 la Manufacture d\u2019Art Putain d\u2019usine (Vanosc 07)<\/li>\n<li><strong>Ao\u00fbt<\/strong>\u00a0 Festival Th\u00f4n\u2019Art Recup\u00a0 (74) \u2013 Dates \u00e0 venir<\/li>\n<li><strong>Exposition au Salon de l\u2019outil d\u00e9cha\u00een\u00e9 Pinsot (38)<\/strong>\u00a0\u2013 Dates \u00e0 venir<\/li>\n<\/ul>\n<hr \/>\n<h3>2019<\/h3>\n<ul>\n<li><strong>Mars 2019:<\/strong> salon de peinture et sculpture Les Pennes Mirabeau (13)<\/li>\n<li><strong>Avril 2019<\/strong>: Journ\u00e9es europ\u00e9ennes des m\u00e9tiers d&rsquo;arts au Ch\u00e2teau de Bresson (38)<\/li>\n<li><strong>Mai 2019<\/strong>: March\u00e9 des cr\u00e9ateurs de Grenoble (38)<\/li>\n<li><strong>Juillet 2019<\/strong>: Festival M\u00e9tal&rsquo;morphose\u00a0 Carnoules (83)<\/li>\n<li><strong>Juillet 2019<\/strong>: Festival Metalik Art Lauzerte (82)<\/li>\n<li><strong>Ao\u00fbt 2019:<\/strong> Th\u00f4n&rsquo;Art Recup (74)<\/li>\n<li>Exposition de <strong>mai \u00e0 septembre<\/strong> aux Forges et Moulins de Pinsot (38)<\/li>\n<\/ul>\n<hr \/>\n<h3>2018<\/h3>\n<ul>\n<li><strong>Les 19 et 20 mai 2018:<\/strong> Festival Art R\u00e9cup \u00e0 <strong>Sabran<\/strong> (30)<\/li>\n<li><strong>26 mai 2018:<\/strong>\u00a0 March\u00e9 des Cr\u00e9ateurs de <strong>Grenoble<\/strong> &#8211; Quartier Championnet (38)<\/li>\n<li><strong>Les 2 et 3 juin 2018:<\/strong> Festival \u00ab\u00a0Les Agit\u00e9s du M\u00e9tal\u00a0\u00bb \u00e0 <strong>S\u00e9guret<\/strong> (84)<\/li>\n<li><strong>10 juin 2018:<\/strong> Salon insectes et reptiles \u00e0 <strong>Saint Barthelemy de Vals<\/strong> (26)<\/li>\n<li><strong>Les 4 et 5 ao\u00fbt 2018:<\/strong>\u00a0Festival Art Recup \u00e0 <strong>Autrans<\/strong> (38)<\/li>\n<li><strong>Les 10, 11 et 12 ao\u00fbt 2018:<\/strong> Festival Th\u00f4n\u2019Arts R\u00e9cup \u00e0 <strong>Th\u00f4nes<\/strong> (74)<\/li>\n<li><strong>De mai \u00e0 septembre 2018:<\/strong> Exposition au Salon de l\u2019Outil D\u00e9cha\u00een\u00e9 \u00e0 <strong>Pinsot<\/strong> (38)<\/li>\n<\/ul>\n<hr \/>\n<h3>2017<\/h3>\n<ul>\n<li><strong>Du 12 au 17 avril 2017:<\/strong> 102\u00e8me foire internationale Antique Art and You \u00e0 l\u2019Isle sur la Sorgue (84)<\/li>\n<li><strong>20 mai 2017:<\/strong> 9\u00e8me march\u00e9 des Cr\u00e9ateurs de Grenoble. Quartier Lakanal\/ Championnet (38)<\/li>\n<li><strong>5 et 6 ao\u00fbt 2017:<\/strong> Festival Art Recup \u00e0 Autrans (38)<\/li>\n<li><strong>11\/12\/13 ao\u00fbt 2017:<\/strong> Festival Th\u00f4n\u2019Arts Recup \u00e0 Th\u00f4nes (74)<\/li>\n<li><strong>De mai \u00e0 Septembre 2017:<\/strong>\u00a0Exposition au Salon de l\u2019Outil D\u00e9cha\u00een\u00e9 \u00e0 Pinsot (38)<\/li>\n<\/ul>\n<hr \/>\n<h3>2016<\/h3>\n<ul>\n<li><strong>Du 21 mai au 18 septembre 2016<\/strong> \u00a0\u00e0 Pinsot \/ Salon\u00a0de l&rsquo;outil d\u00e9cha\u00een\u00e9 \/ Exposition de sculptures<\/li>\n<li><strong>Les 6\u00a0et\u00a07 ao\u00fbt 2016<\/strong> \u00e0 Autrans \/ Is\u00e8re<\/li>\n<li><strong>Les 12, 13,\u00a014 ao\u00fbt 2016<\/strong> \u00e0 Th\u00f4nes \/ Haute Savoie<\/li>\n<\/ul>","protected":false},"excerpt":{"rendered":"<p>Symposium de sculpture monumentale Du 13 au 22 Juin 2026 \u00e0 Foug\u00e8res (35) \u00a0 Pinceaux en libert\u00e9 12\/17 Mai 2026&#8230;<\/p>\n<div class=\"more-link-wrapper\"><a class=\"more-link\" href=\"https:\/\/sylvain-perouze-sculpture-metal.com\/index.php\/actualites\/\">D\u00e9couvrir<span class=\"screen-reader-text\">Agenda<\/span><\/a><\/div>\n","protected":false},"author":1,"featured_media":0,"parent":0,"menu_order":0,"comment_status":"closed","ping_status":"closed","template":"","meta":{"footnotes":""},"class_list":["post-96","page","type-page","status-publish","hentry","excerpt","zoom","full-without-featured","even","excerpt-0"],"_links":{"self":[{"href":"https:\/\/sylvain-perouze-sculpture-metal.com\/index.php\/wp-json\/wp\/v2\/pages\/96","targetHints":{"allow":["GET"]}}],"collection":[{"href":"https:\/\/sylvain-perouze-sculpture-metal.com\/index.php\/wp-json\/wp\/v2\/pages"}],"about":[{"href":"https:\/\/sylvain-perouze-sculpture-metal.com\/index.php\/wp-json\/wp\/v2\/types\/page"}],"author":[{"embeddable":true,"href":"https:\/\/sylvain-perouze-sculpture-metal.com\/index.php\/wp-json\/wp\/v2\/users\/1"}],"replies":[{"embeddable":true,"href":"https:\/\/sylvain-perouze-sculpture-metal.com\/index.php\/wp-json\/wp\/v2\/comments?post=96"}],"version-history":[{"count":41,"href":"https:\/\/sylvain-perouze-sculpture-metal.com\/index.php\/wp-json\/wp\/v2\/pages\/96\/revisions"}],"predecessor-version":[{"id":1023,"href":"https:\/\/sylvain-perouze-sculpture-metal.com\/index.php\/wp-json\/wp\/v2\/pages\/96\/revisions\/1023"}],"wp:attachment":[{"href":"https:\/\/sylvain-perouze-sculpture-metal.com\/index.php\/wp-json\/wp\/v2\/media?parent=96"}],"curies":[{"name":"wp","href":"https:\/\/api.w.org\/{rel}","templated":true}]}}